{"id":861,"date":"2026-04-10T18:53:16","date_gmt":"2026-04-10T17:53:16","guid":{"rendered":"https:\/\/blog.lapalmaexplorers.net\/?page_id=861"},"modified":"2026-04-10T19:37:19","modified_gmt":"2026-04-10T18:37:19","slug":"orang-utans-und-komodo-warane-2026","status":"publish","type":"page","link":"https:\/\/blog.lapalmaexplorers.net\/?page_id=861","title":{"rendered":"Orang Utans und Komodo-Warane 2026"},"content":{"rendered":"\n<p class=\"has-text-align-right\">Jakarta, Freitag 10.04.26<\/p>\n\n\n\n<p><strong>Liebe Leute, <\/strong><\/p>\n\n\n\n<p>der Freundeskreis ist wieder unterwegs &#8211; einmal mehr in <strong>Indonesien<\/strong> auf den Spuren der <em>Orang Utans<\/em> in Borneo und der <em>Riesenwarane<\/em> auf der Insel Komodo in der Flores-See, <br>und wie versprochen werden wir hier wieder ein <strong>Reisetagebuch<\/strong> f\u00fchren, um Angeh\u00f6rige, Freunde und \u00fcberhaupt alle Interessenten an diesem seltenen Abenteuer teilhaben lassen zu k\u00f6nnen.  <\/p>\n\n\n\n<p>Dass die Reise in den gegenw\u00e4rtigen bewegten Zeiten \u00fcberhaupt stattfinden kann, grenzt schon an ein mittleres Wunder:  Wir hatten ja alle Fl\u00fcge, Unterk\u00fcnfte und Schiffe l\u00e4ngst gebucht, als es dem Irren auf seinem eingebildeten Pfauenthron pl\u00f6tzlich gefiel, einen veritablen Krieg vom Zaun zu brechen und die Welt ins Chaos zu st\u00fcrzen.  Womit sehr viel Schlimmeres angerichtet wurde, als es der Ausfall einer noch so sch\u00f6nen Reise w\u00e4re &#8211; aber wenigstens WIR konnten unsere Welt halbwegs beisammen halten.  So schafften wir es rechtzeitig &#8211; und ohne dass ein Teilnehmer auch nur gezuckt h\u00e4tte!! &#8211; die urspr\u00fcnglich via Doha gehenden Fl\u00fcge \u00fcber Bangkok umzubuchen und so die Reise nicht absagen zu m\u00fcssen, sondern fast vollst\u00e4ndig zu retten und wie geplant fortzuf\u00fchren:  Einzig die sonst immer unsere Wartezeit auf den Anschlussflug von Jakarta nach Surabaya verk\u00fcrzende kleine Sightseeingtour durch das alte Batavia, den niederl\u00e4ndisch-kolonialen Altstadtkern des heutigen Molochs Jakarta, k\u00f6nnen wir nun nicht durchf\u00fchren, da die neuen Fl\u00fcge uns weniger Wartezeit lassen.  <\/p>\n\n\n\n<p>Phet und ich sind dennoch gestern schon in Jakarta eingetroffen, da wir unsere Fl\u00fcge (eh aus Bangkok) nicht verlieren wollten.  Hier erwarten wir nun die Gruppe, die morgen Samstag startet und Sonntag Vormittag hier eintreffen soll.  Wir werden sie hier erwarten und direkt zum Anschlussflug nach Surabaya bringen, wo sie dann die wohlverdiente Pause bekommen, bevor es am Montag nach Borneo weiter geht. <\/p>\n\n\n\n<p>So w\u00fcnschen wir den hier Mitlesenden viel Spa\u00df am Thema und unseren Teilnehmenden jetzt erstmal einen ruhigen Flug mit etwas Schlaf nach all der Aufregung der letzten Tage:  Genie\u00dft den Start ins Abenteuer &#8211; Ihr werdet erwartet..!! \ud83d\ude42 <\/p>\n\n\n\n<figure class=\"wp-block-image size-large\"><img loading=\"lazy\" decoding=\"async\" width=\"1024\" height=\"638\" src=\"https:\/\/blog.lapalmaexplorers.net\/wp-content\/uploads\/2026\/04\/33279-1024x638.jpg\" alt=\"\" class=\"wp-image-868\" srcset=\"https:\/\/blog.lapalmaexplorers.net\/wp-content\/uploads\/2026\/04\/33279-1024x638.jpg 1024w, https:\/\/blog.lapalmaexplorers.net\/wp-content\/uploads\/2026\/04\/33279-300x187.jpg 300w, https:\/\/blog.lapalmaexplorers.net\/wp-content\/uploads\/2026\/04\/33279-768x479.jpg 768w, https:\/\/blog.lapalmaexplorers.net\/wp-content\/uploads\/2026\/04\/33279-1536x958.jpg 1536w, https:\/\/blog.lapalmaexplorers.net\/wp-content\/uploads\/2026\/04\/33279-2048x1277.jpg 2048w, https:\/\/blog.lapalmaexplorers.net\/wp-content\/uploads\/2026\/04\/33279-620x387.jpg 620w\" sizes=\"auto, (max-width: 1024px) 100vw, 1024px\" \/><\/figure>\n","protected":false},"excerpt":{"rendered":"<p>Jakarta, Freitag 10.04.26 Liebe Leute, der Freundeskreis ist wieder unterwegs &#8211; einmal mehr in Indonesien auf den Spuren der Orang Utans in Borneo und der Riesenwarane auf der Insel Komodo in der Flores-See, und wie versprochen werden wir hier wieder ein Reisetagebuch f\u00fchren, um Angeh\u00f6rige, Freunde und \u00fcberhaupt alle Interessenten an diesem seltenen Abenteuer teilhaben [&hellip;]<\/p>\n","protected":false},"author":1,"featured_media":0,"parent":0,"menu_order":0,"comment_status":"closed","ping_status":"closed","template":"","meta":{"footnotes":""},"class_list":["post-861","page","type-page","status-publish","hentry"],"_links":{"self":[{"href":"https:\/\/blog.lapalmaexplorers.net\/index.php?rest_route=\/wp\/v2\/pages\/861","targetHints":{"allow":["GET"]}}],"collection":[{"href":"https:\/\/blog.lapalmaexplorers.net\/index.php?rest_route=\/wp\/v2\/pages"}],"about":[{"href":"https:\/\/blog.lapalmaexplorers.net\/index.php?rest_route=\/wp\/v2\/types\/page"}],"author":[{"embeddable":true,"href":"https:\/\/blog.lapalmaexplorers.net\/index.php?rest_route=\/wp\/v2\/users\/1"}],"replies":[{"embeddable":true,"href":"https:\/\/blog.lapalmaexplorers.net\/index.php?rest_route=%2Fwp%2Fv2%2Fcomments&post=861"}],"version-history":[{"count":3,"href":"https:\/\/blog.lapalmaexplorers.net\/index.php?rest_route=\/wp\/v2\/pages\/861\/revisions"}],"predecessor-version":[{"id":869,"href":"https:\/\/blog.lapalmaexplorers.net\/index.php?rest_route=\/wp\/v2\/pages\/861\/revisions\/869"}],"wp:attachment":[{"href":"https:\/\/blog.lapalmaexplorers.net\/index.php?rest_route=%2Fwp%2Fv2%2Fmedia&parent=861"}],"curies":[{"name":"wp","href":"https:\/\/api.w.org\/{rel}","templated":true}]}}